{"id":716,"date":"2023-04-26T20:32:41","date_gmt":"2023-04-26T18:32:41","guid":{"rendered":"https:\/\/haareszeiten-olpe.de\/?page_id=716"},"modified":"2025-11-17T09:55:37","modified_gmt":"2025-11-17T08:55:37","slug":"impressum","status":"publish","type":"page","link":"https:\/\/haareszeiten-olpe.de\/olpe\/impressum\/","title":{"rendered":"Impressum"},"content":{"rendered":"<h3>ANGABEN GEM\u00c4SS \u00a7 18 MStV<\/h3>\n<p>Heike Hilbig<br \/>\nHaareszeiten Olpe<br \/>\nMartinstra\u00dfe 16<br \/>\n57462 Olpe<\/p>\n<p>UST ID: DE297844545<\/p>\n<h3>KONTAKT<\/h3>\n<p>Telefon: 02761 \/ 9414767<br \/>\nE-Mail:\u00a0<a href=\"mailto:hallo@haareszeiten-olpe.de\">hallo@haareszeiten-olpe.de<\/a><\/p>\n<h3>AUFSICHTSBEH\u00d6RDE<\/h3>\n<p>Handwerkskammer S\u00fcdwestfalen<br \/>\nBr\u00fcckenpl. 1, 59821 Arnsberg<\/p>\n<p>https:\/\/www.hwk-swf.de<\/p>\n<p>Angaben zur Berufshaftpflichtversicherung<br \/>\nName und Sitz des Versicherers:<br \/>\nAXA Versicherung AG<br \/>\nPostfach 92 01 36<br \/>\n51151 K\u00f6ln<\/p>\n<h3>GELTUNGSRAUM DER VERSICHERUNG:<\/h3>\n<p>Deutschland<\/p>\n<h3>Inhaltlich Verantwortlicher gem\u00e4\u00df \u00a7 18 Abs. 2 MStV:<\/h3>\n<p>Haareszeiten Olpe Heike Hilbig<br \/>\nMartinstr. 16<br \/>\n57462 Olpe<\/p>\n<p>Wir sind nicht bereit oder verpflichtet, an Streitbeilegungsverfahren vor einer Verbraucherschlichtungsstelle teilzunehmen.<\/p>\n<h3>Bildquellennachweis:<\/h3>\n<div>\u00a9\u00a0Alena, AdobeStock<\/div>\n<div>\u00a9\u00a0yuriyzhuravov, AdobeStock<\/div>\n<div>\u00a9\u00a0Rawpixel.com, AdobeStock<\/div>\n<div>\u00a9\u00a0Kobrinphoto, AdobeStock<\/div>\n<div>\u00a9\u00a0Sergey Chayko, AdobeStock<\/div>\n<div>\u00a9\u00a0hedgehog94, AdobeStock<\/div>\n<div>\u00a9\u00a0Sofia Zhuravetc, AdobeStock<\/div>\n<div>\u00a9\u00a0adragan, AdobeStock<\/div>\n<div>\u00a9\u00a0Sarah, AdobeStock<\/div>\n<div>\u00a9\u00a0MAKOVSKY ART, AdobeStock<\/div>\n<div>\u00a9\u00a0EdNurg, AdobeStock<\/div>\n<div>\u00a9\u00a0Subbotina Anna, AdobeStock<\/div>\n<div>\u00a9\u00a0ub-foto, AdobeStock<br \/>\n\u00a9 BHBD<\/div>\n<div>\u00a9 Goldwell<\/div>\n<div>\u00a9 KAO<\/div>\n<div><\/div>\n<div>Video:<\/div>\n<div>\u00a9 MDK-MEDIADESIGN, Olpe<\/div>\n<h3><\/h3>\n<p>&nbsp;<\/p>\n<p>Design und Programmierung Website<br \/>\n<a href=\"https:\/\/mdk-mediadesign.de\/\">MDK MEDIADESIGN &#8211; Werbeagentur in Olpe<\/a><\/p>\n","protected":false},"excerpt":{"rendered":"<p>ANGABEN GEM\u00c4SS \u00a7 18 MStV Heike Hilbig Haareszeiten Olpe Martinstra\u00dfe 16 57462 Olpe UST ID: DE297844545 KONTAKT Telefon: 02761 \/ 9414767 E-Mail:\u00a0hallo@haareszeiten-olpe.de AUFSICHTSBEH\u00d6RDE Handwerkskammer S\u00fcdwestfalen Br\u00fcckenpl. 1, 59821 Arnsberg https:\/\/www.hwk-swf.de Angaben zur Berufshaftpflichtversicherung Name und Sitz des Versicherers: AXA Versicherung AG Postfach 92 01 36 51151 K\u00f6ln GELTUNGSRAUM DER VERSICHERUNG: Deutschland Inhaltlich Verantwortlicher gem\u00e4\u00df \u00a7 [&hellip;]<\/p>\n","protected":false},"author":1,"featured_media":553,"parent":0,"menu_order":0,"comment_status":"closed","ping_status":"closed","template":"","meta":{"_acf_changed":false,"iawp_total_views":336,"footnotes":""},"class_list":["post-716","page","type-page","status-publish","has-post-thumbnail","hentry"],"acf":[],"_links":{"self":[{"href":"https:\/\/haareszeiten-olpe.de\/olpe\/wp-json\/wp\/v2\/pages\/716","targetHints":{"allow":["GET"]}}],"collection":[{"href":"https:\/\/haareszeiten-olpe.de\/olpe\/wp-json\/wp\/v2\/pages"}],"about":[{"href":"https:\/\/haareszeiten-olpe.de\/olpe\/wp-json\/wp\/v2\/types\/page"}],"author":[{"embeddable":true,"href":"https:\/\/haareszeiten-olpe.de\/olpe\/wp-json\/wp\/v2\/users\/1"}],"replies":[{"embeddable":true,"href":"https:\/\/haareszeiten-olpe.de\/olpe\/wp-json\/wp\/v2\/comments?post=716"}],"version-history":[{"count":10,"href":"https:\/\/haareszeiten-olpe.de\/olpe\/wp-json\/wp\/v2\/pages\/716\/revisions"}],"predecessor-version":[{"id":1082,"href":"https:\/\/haareszeiten-olpe.de\/olpe\/wp-json\/wp\/v2\/pages\/716\/revisions\/1082"}],"wp:featuredmedia":[{"embeddable":true,"href":"https:\/\/haareszeiten-olpe.de\/olpe\/wp-json\/wp\/v2\/media\/553"}],"wp:attachment":[{"href":"https:\/\/haareszeiten-olpe.de\/olpe\/wp-json\/wp\/v2\/media?parent=716"}],"curies":[{"name":"wp","href":"https:\/\/api.w.org\/{rel}","templated":true}]}}